{"id":9,"date":"2013-09-16T17:56:31","date_gmt":"2013-09-16T15:56:31","guid":{"rendered":"http:\/\/www.overdose-berlin.de\/?page_id=9"},"modified":"2013-09-20T09:37:52","modified_gmt":"2013-09-20T07:37:52","slug":"anwendung","status":"publish","type":"page","link":"https:\/\/www.overdose-berlin.de\/?page_id=9","title":{"rendered":"anwendung"},"content":{"rendered":"<p><strong><span style=\"font-family: Helvetica, Geneva, Arial, SunSans-Regular, sans-serif;\">overdose ist Kunstobjekt\u00a0<\/span><\/strong><\/p>\n<p><span style=\"font-family: Georgia, 'Times New Roman', Times, serif;\">Die overdose ist als Objekt f\u00fcr den privaten Aussenraum konzipiert und setzt in G\u00e4rten und H\u00f6fen farbige Akzente und Lichtpunkte. Es sind einzelne, stehende overdosen wie auch Ensembles von mehreren stehenden und liegenden R\u00f6hren m\u00f6glich. Eine overdose besteht aus einer mit einem Motiv der overdose-Serie bedruckten R\u00f6hre im Format 40 cm \u00f8 x 80 cm, einer integrierten Leuchte mit energieeffizientem Leuchtmittel, einer transluzenten Acrylscheibe sowie einem schr\u00e4g aufgestellten Deckel aus Aluminiumblech.<\/span><\/p>\n<p><strong><span style=\"font-family: Helvetica, Geneva, Arial, SunSans-Regular, sans-serif;\">overdose kennzeichnet Objekte\u00a0<\/span><\/strong><\/p>\n<p><span style=\"font-family: Georgia, 'Times New Roman', Times, serif;\"> Auch kann die overdose, als Nebeneffekt, f\u00fcr eine individuelle Hauskennzeichnung sorgen. Der im Laserverfahren ausgeschnittene Deckel tr\u00e4gt die Ziffer oder ein anderes typografisches\/grafisches Element. overdosen werden individuell angefertigt.<\/span><\/p>\n<p><a href=\"http:\/\/www.overdose-berlin.de\/wp-content\/uploads\/2013\/09\/winter_500_72.gif\"><img loading=\"lazy\" decoding=\"async\" class=\"alignnone size-medium wp-image-155\" alt=\"winter_500_72\" src=\"http:\/\/www.overdose-berlin.de\/wp-content\/uploads\/2013\/09\/winter_500_72-246x300.gif\" width=\"246\" height=\"300\" \/><\/a><\/p>\n","protected":false},"excerpt":{"rendered":"<p>overdose ist Kunstobjekt\u00a0 Die overdose ist als Objekt f\u00fcr den privaten Aussenraum konzipiert und setzt in G\u00e4rten und H\u00f6fen farbige Akzente und Lichtpunkte. Es sind einzelne, stehende overdosen wie auch Ensembles von mehreren stehenden und liegenden R\u00f6hren m\u00f6glich. Eine overdose besteht aus einer mit einem Motiv der overdose-Serie bedruckten R\u00f6hre im Format 40 cm \u00f8 [&hellip;]<\/p>\n","protected":false},"author":1,"featured_media":0,"parent":0,"menu_order":0,"comment_status":"closed","ping_status":"closed","template":"full-width.php","meta":{"footnotes":""},"class_list":["post-9","page","type-page","status-publish","hentry"],"_links":{"self":[{"href":"https:\/\/www.overdose-berlin.de\/index.php?rest_route=\/wp\/v2\/pages\/9","targetHints":{"allow":["GET"]}}],"collection":[{"href":"https:\/\/www.overdose-berlin.de\/index.php?rest_route=\/wp\/v2\/pages"}],"about":[{"href":"https:\/\/www.overdose-berlin.de\/index.php?rest_route=\/wp\/v2\/types\/page"}],"author":[{"embeddable":true,"href":"https:\/\/www.overdose-berlin.de\/index.php?rest_route=\/wp\/v2\/users\/1"}],"replies":[{"embeddable":true,"href":"https:\/\/www.overdose-berlin.de\/index.php?rest_route=%2Fwp%2Fv2%2Fcomments&post=9"}],"version-history":[{"count":7,"href":"https:\/\/www.overdose-berlin.de\/index.php?rest_route=\/wp\/v2\/pages\/9\/revisions"}],"predecessor-version":[{"id":156,"href":"https:\/\/www.overdose-berlin.de\/index.php?rest_route=\/wp\/v2\/pages\/9\/revisions\/156"}],"wp:attachment":[{"href":"https:\/\/www.overdose-berlin.de\/index.php?rest_route=%2Fwp%2Fv2%2Fmedia&parent=9"}],"curies":[{"name":"wp","href":"https:\/\/api.w.org\/{rel}","templated":true}]}}