{"id":6,"date":"2013-09-16T17:54:08","date_gmt":"2013-09-16T15:54:08","guid":{"rendered":"http:\/\/www.overdose-berlin.de\/?page_id=6"},"modified":"2013-09-19T22:32:33","modified_gmt":"2013-09-19T20:32:33","slug":"thema","status":"publish","type":"page","link":"https:\/\/www.overdose-berlin.de\/?page_id=6","title":{"rendered":"thema"},"content":{"rendered":"<p><strong><span style=\"font-family: Helvetica, Geneva, Arial, SunSans-Regular, sans-serif;\">Au\u00dfen \/ Innen\u00a0<\/span><\/strong><\/p>\n<p><span style=\"font-family: Georgia, 'Times New Roman', Times, serif;\"> \u201eoverdose\u201c dreht sich um das Themenfeld \u201eEssen\u201c in unserer Wegwerfgesellschaft. Die Konservendose bietet hier den perfekten Ansatz. Sie ist als Container f\u00fcr wertvolles Essen weltweit und in allen Bev\u00f6lkerungsschichten bekannt und endet meist zerbeult, verrostet und verformt auf den M\u00fcllpl\u00e4tzen. Wer an Recycling glaubt, findet sie idealerweise in einem anderen Leben wieder. (Aber war ich wirklich eine Dose?) Die Dose bietet auf ihrer Au\u00dfenfl\u00e4che Platz f\u00fcr farbenfrohe Versprechen auf den Inhalt. Ist sie des Etiketts beraubt, kann man indes \u00fcber den wahren Inhalt nur mutma\u00dfen. Der ambivalente Charakter des Objekts macht die Dose zu einem geeigneten Protagonisten f\u00fcr eine Kunstaktion. Die Etiketten bekommen \u00fcber die werbliche Inhaltsangabe hinaus neue, teilweise kritische Aussagen. Aus der fern\u00f6stlichen Dosensuppe \u201eLie\u201c (Nudel) wird \u201eLie\u201c (L\u00fcge; oder Wahrheit?) und damit wird die Frage nach dem wahren Inhalt gestellt \u2013 und es ist nicht die visuelle \u00dcbereinstimmung von Etikettenwerbegrafik und Inhalt gemeint. Fern\u00f6stliche Machthaber kommen auf dem Etikett zu Wort bzw. zensorisch geschw\u00e4rzt nicht zu Wort. Betende H\u00e4nde beschw\u00f6ren den Inhalt, der hoffentlich vor der lebensmittelindustrieellen Verarbeitung einen nat\u00fcrlichen Ursprung hatte. Tentakeln exotischer Fr\u00fcchte suggerieren erotisierende Ingredienzien. Queen Mom schw\u00f6rt f\u00fcr ihre Best Ager-Generation auf millionenschwere Baked Beans und gestylte Vierbeiner stehen auf Biofutter. Die Hommage an Andy Warhol, der mit seiner Campbellsdose ein Massenprodukt zum Kult machte, darf in der \u201eoverdose\u201c-Serie nicht fehlen.<\/span><\/p>\n","protected":false},"excerpt":{"rendered":"<p>Au\u00dfen \/ Innen\u00a0 \u201eoverdose\u201c dreht sich um das Themenfeld \u201eEssen\u201c in unserer Wegwerfgesellschaft. Die Konservendose bietet hier den perfekten Ansatz. Sie ist als Container f\u00fcr wertvolles Essen weltweit und in allen Bev\u00f6lkerungsschichten bekannt und endet meist zerbeult, verrostet und verformt auf den M\u00fcllpl\u00e4tzen. Wer an Recycling glaubt, findet sie idealerweise in einem anderen Leben wieder. [&hellip;]<\/p>\n","protected":false},"author":1,"featured_media":0,"parent":0,"menu_order":0,"comment_status":"closed","ping_status":"closed","template":"full-width.php","meta":{"footnotes":""},"class_list":["post-6","page","type-page","status-publish","hentry"],"_links":{"self":[{"href":"https:\/\/www.overdose-berlin.de\/index.php?rest_route=\/wp\/v2\/pages\/6","targetHints":{"allow":["GET"]}}],"collection":[{"href":"https:\/\/www.overdose-berlin.de\/index.php?rest_route=\/wp\/v2\/pages"}],"about":[{"href":"https:\/\/www.overdose-berlin.de\/index.php?rest_route=\/wp\/v2\/types\/page"}],"author":[{"embeddable":true,"href":"https:\/\/www.overdose-berlin.de\/index.php?rest_route=\/wp\/v2\/users\/1"}],"replies":[{"embeddable":true,"href":"https:\/\/www.overdose-berlin.de\/index.php?rest_route=%2Fwp%2Fv2%2Fcomments&post=6"}],"version-history":[{"count":10,"href":"https:\/\/www.overdose-berlin.de\/index.php?rest_route=\/wp\/v2\/pages\/6\/revisions"}],"predecessor-version":[{"id":149,"href":"https:\/\/www.overdose-berlin.de\/index.php?rest_route=\/wp\/v2\/pages\/6\/revisions\/149"}],"wp:attachment":[{"href":"https:\/\/www.overdose-berlin.de\/index.php?rest_route=%2Fwp%2Fv2%2Fmedia&parent=6"}],"curies":[{"name":"wp","href":"https:\/\/api.w.org\/{rel}","templated":true}]}}