{"id":28,"date":"2013-09-16T18:04:11","date_gmt":"2013-09-16T16:04:11","guid":{"rendered":"http:\/\/www.overdose-berlin.de\/?page_id=28"},"modified":"2013-09-20T09:56:41","modified_gmt":"2013-09-20T07:56:41","slug":"impressum","status":"publish","type":"page","link":"https:\/\/www.overdose-berlin.de\/?page_id=28","title":{"rendered":"impressum"},"content":{"rendered":"<p><span style=\"font-family: Georgia, 'Times New Roman', Times, serif;\">Verantwortlich f\u00fcr diesen Internetauftritt: Raimund Spierling, Oberbilker Allee 24, 40215 D\u00fcsseldorf. Die Verantwortung und Haftung f\u00fcr Inhalte fremder, verlinkter Seiten wird ausdr\u00fccklich ausgeschlossen. Die Rechte der Bilder und Texte dieses Auftritts liegen bei Raimund Spierling und den Autoren, die Verwendung von Inhalten dieser Website, welcher Art auch immer, ist untersagt und kann nur mit schriftlicher Genehmigung erfolgen.<\/span><\/p>\n","protected":false},"excerpt":{"rendered":"<p>Verantwortlich f\u00fcr diesen Internetauftritt: Raimund Spierling, Oberbilker Allee 24, 40215 D\u00fcsseldorf. Die Verantwortung und Haftung f\u00fcr Inhalte fremder, verlinkter Seiten wird ausdr\u00fccklich ausgeschlossen. Die Rechte der Bilder und Texte dieses Auftritts liegen bei Raimund Spierling und den Autoren, die Verwendung von Inhalten dieser Website, welcher Art auch immer, ist untersagt und kann nur mit schriftlicher [&hellip;]<\/p>\n","protected":false},"author":1,"featured_media":0,"parent":0,"menu_order":0,"comment_status":"closed","ping_status":"closed","template":"full-width.php","meta":{"footnotes":""},"class_list":["post-28","page","type-page","status-publish","hentry"],"_links":{"self":[{"href":"https:\/\/www.overdose-berlin.de\/index.php?rest_route=\/wp\/v2\/pages\/28","targetHints":{"allow":["GET"]}}],"collection":[{"href":"https:\/\/www.overdose-berlin.de\/index.php?rest_route=\/wp\/v2\/pages"}],"about":[{"href":"https:\/\/www.overdose-berlin.de\/index.php?rest_route=\/wp\/v2\/types\/page"}],"author":[{"embeddable":true,"href":"https:\/\/www.overdose-berlin.de\/index.php?rest_route=\/wp\/v2\/users\/1"}],"replies":[{"embeddable":true,"href":"https:\/\/www.overdose-berlin.de\/index.php?rest_route=%2Fwp%2Fv2%2Fcomments&post=28"}],"version-history":[{"count":4,"href":"https:\/\/www.overdose-berlin.de\/index.php?rest_route=\/wp\/v2\/pages\/28\/revisions"}],"predecessor-version":[{"id":91,"href":"https:\/\/www.overdose-berlin.de\/index.php?rest_route=\/wp\/v2\/pages\/28\/revisions\/91"}],"wp:attachment":[{"href":"https:\/\/www.overdose-berlin.de\/index.php?rest_route=%2Fwp%2Fv2%2Fmedia&parent=28"}],"curies":[{"name":"wp","href":"https:\/\/api.w.org\/{rel}","templated":true}]}}