{"id":15,"date":"2013-09-16T17:59:48","date_gmt":"2013-09-16T15:59:48","guid":{"rendered":"http:\/\/www.overdose-berlin.de\/?page_id=15"},"modified":"2013-09-20T09:49:45","modified_gmt":"2013-09-20T07:49:45","slug":"vita","status":"publish","type":"page","link":"https:\/\/www.overdose-berlin.de\/?page_id=15","title":{"rendered":"vita"},"content":{"rendered":"<p><span style=\"font-family: Georgia, 'Times New Roman', Times, serif;\">Raimund Spierling lebt und arbeitet als Maler und Designer in D\u00fcsseldorf und Berlin, seine wichtigsten Stationen sind Menden, Dortmund, Krefeld, New York City, D\u00fcsseldorf, Berlin. Er verbindet in seinen Arbeiten Grafik, Design und Malerei \u2013 Zweidimensionales und Raum \u2013 Konvention und Experiment.<\/span><\/p>\n<p><span style=\"font-family: Georgia, 'Times New Roman', Times, serif;\">Ausstellungen und Kunstaktionen (Auswahl): * THE VOLCANO SHOW, Malerei isl\u00e4ndischer Landschaften, D\u00fcsseldorf \/ Reykjavik * THE NYC COLLECTION, Zeichnung, Malerei, Rauminstallation, Krefeld * LETTERS FROM AMERICA, Mail Art und Malerei, Krefeld \/ New York * STRAND ART, Zeichnung, Rauminstalation, Fotografie, Spiekeroog \/ Neuseeland* SCHLUCHTEN UND ABGR\u00dcNDE, Rauminstallation, gro\u00dfformatige Malerei, Krefeld * DOPPELK\u00d6PFE Vierh\u00e4ndige Arbeiten auf Papier, mit Micha Margos, Krefeld * DER BERG RUFT, Menschenberge und andere Menschenbilder, Malerei, Galerie Hartmut Beck, Erlangen * NARR MIT WURST, \u00fcber den rheinischen Frohsinn, Text- und Bildfragmente der K\u00f6lner Rosenmontagsz\u00fcge, mit Thomas Schubert, Ausstellungsreihe * TOURISTICS \u2013 der ganz pauschale Wahnsinn, Urlauberparodien, mit Thomas Schubert* SEHST\u00d6RUNGEN \u2013 Kunst im \u00f6ffentlichen Raum, Kulturamt M\u00f6nchengladbach * A TABLE, Zeichnung, D\u00fcsseldorf* MENSCH TRIFFT TECHNIK, Raumgestaltung f\u00fcr den Konferenzbereich des ZTG\/TU Berlin * FLOWERPOWERART, poetisch-florale Malerei und Collage, Text: Thomas Schubert * K\u00dcCHENBILDER, mit Thomas Schubert (Texte), Ausstellungen in Berlin, D\u00fcsseldorf, Wilstedt, Dortmund * SEEST\u00dcCKE, gestempelte und collagierte Lyrik auf alten Seekarten, Text: Thomas Schubert * UNPLUGGED LIVE SKETCHES \u2013 Musikerskizzen und Bilder * SPIELPLATZ, Raumgestaltung f\u00fcr die Sparkasse Hilden * TSUNAMI, Malerei und Collage * LEIBGERICHT \u2013 K\u00fcchenbilder f\u00fcr Erwachsene, Malerei * OVERDOSE \u2013 Lichtobjekte f\u00fcr den Au\u00dfenbereich<\/span><\/p>\n<p><a href=\"http:\/\/www.overdose-berlin.de\/wp-content\/uploads\/2013\/09\/rai__kl.gif\"><img loading=\"lazy\" decoding=\"async\" src=\"http:\/\/www.overdose-berlin.de\/wp-content\/uploads\/2013\/09\/rai__kl-150x150.gif\" alt=\"rai__kl\" width=\"150\" height=\"150\" class=\"alignnone size-thumbnail wp-image-96\" srcset=\"https:\/\/www.overdose-berlin.de\/wp-content\/uploads\/2013\/09\/rai__kl-150x150.gif 150w, https:\/\/www.overdose-berlin.de\/wp-content\/uploads\/2013\/09\/rai__kl-55x55.gif 55w\" sizes=\"auto, (max-width: 150px) 100vw, 150px\" \/><\/a><\/p>\n","protected":false},"excerpt":{"rendered":"<p>Raimund Spierling lebt und arbeitet als Maler und Designer in D\u00fcsseldorf und Berlin, seine wichtigsten Stationen sind Menden, Dortmund, Krefeld, New York City, D\u00fcsseldorf, Berlin. Er verbindet in seinen Arbeiten Grafik, Design und Malerei \u2013 Zweidimensionales und Raum \u2013 Konvention und Experiment. Ausstellungen und Kunstaktionen (Auswahl): * THE VOLCANO SHOW, Malerei isl\u00e4ndischer Landschaften, D\u00fcsseldorf \/ [&hellip;]<\/p>\n","protected":false},"author":1,"featured_media":0,"parent":0,"menu_order":0,"comment_status":"closed","ping_status":"closed","template":"full-width.php","meta":{"footnotes":""},"class_list":["post-15","page","type-page","status-publish","hentry"],"_links":{"self":[{"href":"https:\/\/www.overdose-berlin.de\/index.php?rest_route=\/wp\/v2\/pages\/15","targetHints":{"allow":["GET"]}}],"collection":[{"href":"https:\/\/www.overdose-berlin.de\/index.php?rest_route=\/wp\/v2\/pages"}],"about":[{"href":"https:\/\/www.overdose-berlin.de\/index.php?rest_route=\/wp\/v2\/types\/page"}],"author":[{"embeddable":true,"href":"https:\/\/www.overdose-berlin.de\/index.php?rest_route=\/wp\/v2\/users\/1"}],"replies":[{"embeddable":true,"href":"https:\/\/www.overdose-berlin.de\/index.php?rest_route=%2Fwp%2Fv2%2Fcomments&post=15"}],"version-history":[{"count":7,"href":"https:\/\/www.overdose-berlin.de\/index.php?rest_route=\/wp\/v2\/pages\/15\/revisions"}],"predecessor-version":[{"id":160,"href":"https:\/\/www.overdose-berlin.de\/index.php?rest_route=\/wp\/v2\/pages\/15\/revisions\/160"}],"wp:attachment":[{"href":"https:\/\/www.overdose-berlin.de\/index.php?rest_route=%2Fwp%2Fv2%2Fmedia&parent=15"}],"curies":[{"name":"wp","href":"https:\/\/api.w.org\/{rel}","templated":true}]}}